{"id":8,"date":"2015-01-25T13:11:33","date_gmt":"2015-01-25T13:11:33","guid":{"rendered":"http:\/\/christianendres.com\/?page_id=8"},"modified":"2023-03-03T15:07:22","modified_gmt":"2023-03-03T14:07:22","slug":"impressum","status":"publish","type":"page","link":"https:\/\/christianendres.de\/?page_id=8","title":{"rendered":"Impressum &#038; Kontakt"},"content":{"rendered":"\n<p><strong>Verantwortlich f\u00fcr den Inhalt dieser Webseiten laut \u00a7 5 TMG<\/strong><\/p>\n\n\n\n<p>Christian Endres<br>c\/o medienshow \u2013 agentur f\u00fcr werbung, text &amp; kommunikation\u00a0<br>Markus Rohde<br>Uhlandstr. 35a\u00a0<br>53757 Sankt Augustin<\/p>\n\n\n\n<figure class=\"wp-block-image size-full\"><a href=\"https:\/\/christianendres.de\/wp-content\/uploads\/2023\/03\/impressum_mail_tel.jpg\"><img loading=\"lazy\" width=\"239\" height=\"45\" src=\"https:\/\/christianendres.de\/wp-content\/uploads\/2023\/03\/impressum_mail_tel.jpg\" alt=\"\" class=\"wp-image-4472\"\/><\/a><\/figure>\n\n\n\n<p><strong>Copyright<\/strong><\/p>\n\n\n\n<p>Alle Texte und Bilder auf diesen Webseiten sind urheberrechtlich gesch\u00fctzt. Jegliche Verfielf\u00e4ltigung und Nutzung ist untersagt und auschlie\u00dflich mit schriftlicher Genehmigung gestattet. <\/p>\n\n\n\n<p><\/p>\n\n\n\n<p><strong>Haftungshinweis<\/strong><\/p>\n\n\n\n<p>Beitr\u00e4ge und Kommentare geben ausschlie\u00dflich die Meinung des Verfassers wieder. Trotz sorgf\u00e4ltiger inhaltlicher Kontrolle wird keine Haftung f\u00fcr die Inhalte externer Links \u00fcbernommen. F\u00fcr den Inhalt von verlinkten Webseiten ist stets ausschlie\u00dflich der jeweilige Anbieter oder Betreiber verantwortlich. <\/p>\n","protected":false},"excerpt":{"rendered":"<div class=\"mh-excerpt\"><p>Verantwortlich f\u00fcr den Inhalt dieser Webseiten laut \u00a7 5 TMG Christian Endresc\/o medienshow \u2013 agentur f\u00fcr werbung, text &amp; kommunikation\u00a0Markus RohdeUhlandstr. 35a\u00a053757 Sankt Augustin Copyright Alle Texte und Bilder auf diesen Webseiten sind urheberrechtlich gesch\u00fctzt. <a class=\"mh-excerpt-more\" href=\"https:\/\/christianendres.de\/?page_id=8\" title=\"Impressum &#038; Kontakt\">[&#8230;]<\/a><\/p>\n<\/div>","protected":false},"author":1,"featured_media":0,"parent":0,"menu_order":1,"comment_status":"closed","ping_status":"open","template":"","meta":[],"_links":{"self":[{"href":"https:\/\/christianendres.de\/index.php?rest_route=\/wp\/v2\/pages\/8"}],"collection":[{"href":"https:\/\/christianendres.de\/index.php?rest_route=\/wp\/v2\/pages"}],"about":[{"href":"https:\/\/christianendres.de\/index.php?rest_route=\/wp\/v2\/types\/page"}],"author":[{"embeddable":true,"href":"https:\/\/christianendres.de\/index.php?rest_route=\/wp\/v2\/users\/1"}],"replies":[{"embeddable":true,"href":"https:\/\/christianendres.de\/index.php?rest_route=%2Fwp%2Fv2%2Fcomments&post=8"}],"version-history":[{"count":12,"href":"https:\/\/christianendres.de\/index.php?rest_route=\/wp\/v2\/pages\/8\/revisions"}],"predecessor-version":[{"id":4483,"href":"https:\/\/christianendres.de\/index.php?rest_route=\/wp\/v2\/pages\/8\/revisions\/4483"}],"wp:attachment":[{"href":"https:\/\/christianendres.de\/index.php?rest_route=%2Fwp%2Fv2%2Fmedia&parent=8"}],"curies":[{"name":"wp","href":"https:\/\/api.w.org\/{rel}","templated":true}]}}