{"id":3301,"date":"2022-06-17T10:29:31","date_gmt":"2022-06-17T08:29:31","guid":{"rendered":"http:\/\/christianendres.com\/?page_id=3301"},"modified":"2026-03-05T19:38:13","modified_gmt":"2026-03-05T18:38:13","slug":"start","status":"publish","type":"page","link":"https:\/\/christianendres.de\/","title":{"rendered":""},"content":{"rendered":"\n<div class=\"wp-container-3 wp-block-columns alignwide is-style-default\">\n<div class=\"wp-container-1 wp-block-column\" style=\"flex-basis:50%\">\n<p><\/p>\n\n\n\n<p class=\"has-text-align-left\">Willkommen auf der Homepage von Autor Christian Endres.<\/p>\n\n\n\n<p>Bei Cross Cult ist seine Grimdark-Fantasy-Roman-Trilogie um <em>Die Prinzessinnen: F\u00fcnf gegen die Finsternis<\/em> erschienen.<\/p>\n\n\n\n<p class=\"has-text-align-left\">Bei Heyne liegt sein Roman <em>Wolfszone <\/em>vor, der die Genres Hardboiled-Krimi und Science-Fiction vereint.<\/p>\n\n\n\n<p class=\"has-text-align-left\">Seine Kurzgeschichten werden u. a. in <em>Spektrum der Wissenschaft<\/em>, <em>c\u2019t \u2013&nbsp;magazin f\u00fcr computertechnik<\/em>, <em>phantastisch!<\/em> und <em>Exodus<\/em> ver\u00f6ffentlicht. <\/p>\n\n\n\n<p class=\"has-text-align-left\">Als Redakteur arbeitet er f\u00fcr den <em>Tagesspiegel<\/em>, <em>Geek!<\/em>, <em>Doppelpunkt<\/em>, <em>diezukunft.de<\/em>, <em>Tor-Online.de<\/em>, Panini Comics und viele mehr.<\/p>\n\n\n\n<p class=\"has-text-align-left\">F\u00fcr seine Arbeit wurde er mit dem Kurd-La\u00dfwitz-Preis, dem Deutschen Phantastik Preis und dem Literaturpreis Klimazuk\u00fcnfte 2050 ausgezeichnet.<\/p>\n\n\n\n<p class=\"has-text-align-left\">Zudem erhielt er Nominierungen f\u00fcr den Deutschen Science Fiction Preis, den European Science Fiction Society Award, den Seraph, den Krefelder Preis f\u00fcr Fantastische Literatur und den Vincent Preis.<\/p>\n\n\n\n<p class=\"has-text-align-left\">Hier geht es zum <a href=\"http:\/\/christianendres.de\/?page_id=3312\">Blog<\/a> mit News.<\/p>\n<\/div>\n\n\n\n<div class=\"wp-container-2 wp-block-column\" style=\"flex-basis:50%\"><div class=\"wp-block-image\">\n<figure class=\"aligncenter size-full\"><a href=\"https:\/\/christianendres.de\/wp-content\/uploads\/2024\/10\/prinzessinnen3_front.jpg\" target=\"_blank\" rel=\"noreferrer noopener\"><img loading=\"lazy\" width=\"293\" height=\"380\" src=\"https:\/\/christianendres.de\/wp-content\/uploads\/2024\/10\/prinzessinnen3_front.jpg\" alt=\"\" class=\"wp-image-6268\" srcset=\"https:\/\/christianendres.de\/wp-content\/uploads\/2024\/10\/prinzessinnen3_front.jpg 293w, https:\/\/christianendres.de\/wp-content\/uploads\/2024\/10\/prinzessinnen3_front-231x300.jpg 231w\" sizes=\"(max-width: 293px) 100vw, 293px\" \/><\/a><\/figure><\/div>\n\n\n<p class=\"has-text-align-center\">Zuletzt erschienen: <br>Die Prinzessinnen: Hoheitliches Gemetzel<\/p>\n\n\n\n<p class=\"has-text-align-center\">\u00bbThe Witcher trifft die Glorreichen Sieben. Die unbeugsamen S\u00f6ldner-Prinzessinnen rocken!\u00ab <br>\u2013T. S. Orgel <br><br>\u00bbWie eine Kreuzung aus einem Quentin Tarantino-Film und den M\u00e4rchen in ihrer urspr\u00fcnglichen, blutigen Form.\u00ab<br>\u2013 Christian Handel<\/p>\n\n\n\n<p class=\"has-text-align-center\">\u00bbFantasy mal ganz anders. Ungew\u00f6hnliche Idee, harte Welt, tolle Freundschaften.\u00ab<br>\u2013 WDR 2 Buchtipp<\/p>\n\n\n\n<p><\/p>\n<\/div>\n<\/div>\n\n\n\n<p><\/p>\n\n\n\n<p><\/p>\n\n\n\n<p><\/p>\n\n\n\n<p><\/p>\n\n\n\n<p><\/p>\n\n\n\n<p><\/p>\n\n\n\n<p class=\"has-text-align-left\"><\/p>\n","protected":false},"excerpt":{"rendered":"<div class=\"mh-excerpt\"><p>Willkommen auf der Homepage von Autor Christian Endres. Bei Cross Cult ist seine Grimdark-Fantasy-Roman-Trilogie um Die Prinzessinnen: F\u00fcnf gegen die Finsternis erschienen. Bei Heyne liegt sein Roman Wolfszone vor, der die Genres Hardboiled-Krimi und Science-Fiction <a class=\"mh-excerpt-more\" href=\"https:\/\/christianendres.de\/\" title=\"\">[&#8230;]<\/a><\/p>\n<\/div>","protected":false},"author":1,"featured_media":0,"parent":0,"menu_order":0,"comment_status":"closed","ping_status":"closed","template":"","meta":[],"_links":{"self":[{"href":"https:\/\/christianendres.de\/index.php?rest_route=\/wp\/v2\/pages\/3301"}],"collection":[{"href":"https:\/\/christianendres.de\/index.php?rest_route=\/wp\/v2\/pages"}],"about":[{"href":"https:\/\/christianendres.de\/index.php?rest_route=\/wp\/v2\/types\/page"}],"author":[{"embeddable":true,"href":"https:\/\/christianendres.de\/index.php?rest_route=\/wp\/v2\/users\/1"}],"replies":[{"embeddable":true,"href":"https:\/\/christianendres.de\/index.php?rest_route=%2Fwp%2Fv2%2Fcomments&post=3301"}],"version-history":[{"count":109,"href":"https:\/\/christianendres.de\/index.php?rest_route=\/wp\/v2\/pages\/3301\/revisions"}],"predecessor-version":[{"id":6967,"href":"https:\/\/christianendres.de\/index.php?rest_route=\/wp\/v2\/pages\/3301\/revisions\/6967"}],"wp:attachment":[{"href":"https:\/\/christianendres.de\/index.php?rest_route=%2Fwp%2Fv2%2Fmedia&parent=3301"}],"curies":[{"name":"wp","href":"https:\/\/api.w.org\/{rel}","templated":true}]}}