{"id":2,"date":"2015-01-15T03:18:56","date_gmt":"2015-01-15T03:18:56","guid":{"rendered":"http:\/\/christianendres.com\/?page_id=2"},"modified":"2026-03-05T19:36:27","modified_gmt":"2026-03-05T18:36:27","slug":"beispiel-seite","status":"publish","type":"page","link":"https:\/\/christianendres.de\/?page_id=2","title":{"rendered":"Biografie"},"content":{"rendered":"<div class=\"wp-block-image\">\n<figure class=\"aligncenter size-full is-resized\"><a href=\"https:\/\/christianendres.de\/wp-content\/uploads\/2023\/06\/Christian_Endres_2023a_C_Volkan-Baga.jpg\" target=\"_blank\" rel=\"noreferrer noopener\"><img loading=\"lazy\" src=\"https:\/\/christianendres.de\/wp-content\/uploads\/2023\/06\/Christian_Endres_2023a_C_Volkan-Baga.jpg\" alt=\"Christian Endres, Mai 2023. Foto \u00a9 Volkan Baga\" class=\"wp-image-4890\" width=\"626\" height=\"488\" srcset=\"https:\/\/christianendres.de\/wp-content\/uploads\/2023\/06\/Christian_Endres_2023a_C_Volkan-Baga.jpg 650w, https:\/\/christianendres.de\/wp-content\/uploads\/2023\/06\/Christian_Endres_2023a_C_Volkan-Baga-300x234.jpg 300w\" sizes=\"(max-width: 626px) 100vw, 626px\" \/><\/a><\/figure><\/div>\n\n\n<p>Christian Endres lebt als freier Autor in der N\u00e4he von W\u00fcrzburg. <\/p>\n\n\n\n<p>Bei Cross Cult liegt seine Fantasy-Roman-Trilogie um \u00bbDie Prinzessinnen: F\u00fcnf gegen die Finsternis\u00ab vor, bei Heyne sein Science-Fiction-Krimi \u00bbWolfszone\u00ab.<\/p>\n\n\n\n<p>Im Atlantis-Verlag ver\u00f6ffentlichte er den Alternativwelt-Roman \u00bbSherlock Holmes und die tanzenden Drachen\u00ab und mehrere Storysammlungen, bei Bastei u. a. den Horror-Roman \u00bbCrazy Wolf\u00ab.<\/p>\n\n\n\n<p>Seine Kurzgeschichten erscheinen regelm\u00e4\u00dfig in <em>c&#8217;t \u2013 Magazin f\u00fcr Computertechnik<\/em>, <em>Spektrum der Wissenschaft<\/em>, <em>phantastisch!<\/em> und <em>Exodus<\/em>. In englischer \u00dcbersetzung wurden sie in <em>Sherlock Holmes Mystery Magazine,<\/em>&nbsp;<em>Weird Tales<\/em>,<em> Heavy Metal<\/em> und diversen Anthologien publiziert.<\/p>\n\n\n\n<p>Als Journalist ist er f\u00fcr den <em>Tagesspiegel<\/em>, <em>Tip Berlin<\/em>, <em>Geek!<\/em>, <em>Doppelpunkt<\/em>,<em> diezukunft.de<\/em> und viele mehr t\u00e4tig, fr\u00fcher erschienen seine Texte lange in <em>zitty Berlin<\/em>.<\/p>\n\n\n\n<p>Im Comic-Bereich betreut er seit&nbsp;fast 20 Jahren&nbsp;f\u00fcr Panini als Redakteur die Abenteuer von&nbsp;Spider-Man, Batman, den Avengers, Wonder Woman, Conan,&nbsp;dem Witcher&nbsp;und anderen.<\/p>\n\n\n\n<p>Der gelernte Medienoperator hat aber auch schon Flavor-Texte f\u00fcr Magic-Sammelkarten, Scripts zu Internet-TV-Sendungen oder ein Vorwort zu einem Buch von Stephen King verfasst.<\/p>\n\n\n\n<p>F\u00fcr seine Arbeit wurde er mit dem Deutschen Phantastik Preis, dem Kurd La\u00dfwitz Preis und dem Literaturpreis Klimazuk\u00fcnfte 2050 ausgezeichnet. <\/p>\n\n\n\n<p>Dazu kommen Nominierungen f\u00fcr den Deutschen Science Fiction Preis, den Seraph der Phantastischen Akademie, den European Science Fiction Society Award, den Vincent Preis, den Goldenen Stephan und den Krefelder Preis f\u00fcr Fantastische Literatur.<\/p>\n","protected":false},"excerpt":{"rendered":"<div class=\"mh-excerpt\"><p>Christian Endres lebt als freier Autor in der N\u00e4he von W\u00fcrzburg. Bei Cross Cult liegt seine Fantasy-Roman-Trilogie um \u00bbDie Prinzessinnen: F\u00fcnf gegen die Finsternis\u00ab vor, bei Heyne sein Science-Fiction-Krimi \u00bbWolfszone\u00ab. Im Atlantis-Verlag ver\u00f6ffentlichte er den <a class=\"mh-excerpt-more\" href=\"https:\/\/christianendres.de\/?page_id=2\" title=\"Biografie\">[&#8230;]<\/a><\/p>\n<\/div>","protected":false},"author":1,"featured_media":0,"parent":0,"menu_order":0,"comment_status":"closed","ping_status":"open","template":"","meta":[],"_links":{"self":[{"href":"https:\/\/christianendres.de\/index.php?rest_route=\/wp\/v2\/pages\/2"}],"collection":[{"href":"https:\/\/christianendres.de\/index.php?rest_route=\/wp\/v2\/pages"}],"about":[{"href":"https:\/\/christianendres.de\/index.php?rest_route=\/wp\/v2\/types\/page"}],"author":[{"embeddable":true,"href":"https:\/\/christianendres.de\/index.php?rest_route=\/wp\/v2\/users\/1"}],"replies":[{"embeddable":true,"href":"https:\/\/christianendres.de\/index.php?rest_route=%2Fwp%2Fv2%2Fcomments&post=2"}],"version-history":[{"count":160,"href":"https:\/\/christianendres.de\/index.php?rest_route=\/wp\/v2\/pages\/2\/revisions"}],"predecessor-version":[{"id":6965,"href":"https:\/\/christianendres.de\/index.php?rest_route=\/wp\/v2\/pages\/2\/revisions\/6965"}],"wp:attachment":[{"href":"https:\/\/christianendres.de\/index.php?rest_route=%2Fwp%2Fv2%2Fmedia&parent=2"}],"curies":[{"name":"wp","href":"https:\/\/api.w.org\/{rel}","templated":true}]}}